{"id":10135,"date":"2025-10-06T19:34:16","date_gmt":"2025-10-06T19:34:16","guid":{"rendered":"https:\/\/acatha.com\/es-sv\/?page_id=10135"},"modified":"2025-10-06T19:43:26","modified_gmt":"2025-10-06T19:43:26","slug":"test-videos-pasos","status":"publish","type":"page","link":"https:\/\/acatha.com\/es-sv\/test-videos-pasos\/","title":{"rendered":"Test videos pasos"},"content":{"rendered":"\t\t<div data-elementor-type=\"wp-page\" data-elementor-id=\"10135\" class=\"elementor elementor-10135\" data-elementor-post-type=\"page\">\n\t\t\t\t<div class=\"has_eae_slider elementor-element elementor-element-d7756a6 e-flex e-con-boxed e-con e-parent\" data-eae-slider=\"89113\" data-id=\"d7756a6\" data-element_type=\"container\" data-e-type=\"container\" data-settings=\"{&quot;ekit_has_onepagescroll_dot&quot;:&quot;yes&quot;}\">\n\t\t\t\t\t<div class=\"e-con-inner\">\n\t\t\t\t<div class=\"elementor-element elementor-element-78adfc2 elementor-widget elementor-widget-spacer\" data-id=\"78adfc2\" data-element_type=\"widget\" data-e-type=\"widget\" data-settings=\"{&quot;ekit_we_effect_on&quot;:&quot;none&quot;}\" data-widget_type=\"spacer.default\">\n\t\t\t\t\t\t\t<div class=\"elementor-spacer\">\n\t\t\t<div class=\"elementor-spacer-inner\"><\/div>\n\t\t<\/div>\n\t\t\t\t\t\t<\/div>\n\t\t\t\t<div class=\"elementor-element elementor-element-3ca106a elementor-widget elementor-widget-heading\" data-id=\"3ca106a\" data-element_type=\"widget\" data-e-type=\"widget\" data-settings=\"{&quot;ekit_we_effect_on&quot;:&quot;none&quot;}\" data-widget_type=\"heading.default\">\n\t\t\t\t\t<h2 class=\"elementor-heading-title elementor-size-default\">Guias Acatha Facturaci\u00f3n<\/h2>\t\t\t\t<\/div>\n\t\t\t\t<div class=\"elementor-element elementor-element-f426c93 elementor-widget elementor-widget-text-editor\" data-id=\"f426c93\" data-element_type=\"widget\" data-e-type=\"widget\" data-settings=\"{&quot;ekit_we_effect_on&quot;:&quot;none&quot;}\" data-widget_type=\"text-editor.default\">\n\t\t\t\t\t\t\t\t\t<p>Aqui podras encontrar todas las guias para que puedas facturar sin ningun inconveniente y siempre de la mano de expertos.<\/p>\t\t\t\t\t\t\t\t<\/div>\n\t\t\t\t\t<\/div>\n\t\t\t\t<\/div>\n\t\t<div class=\"has_eae_slider elementor-element elementor-element-5670a3d e-flex e-con-boxed e-con e-parent\" data-eae-slider=\"30136\" data-id=\"5670a3d\" data-element_type=\"container\" data-e-type=\"container\" data-settings=\"{&quot;ekit_has_onepagescroll_dot&quot;:&quot;yes&quot;}\">\n\t\t\t\t\t<div class=\"e-con-inner\">\n\t\t<div class=\"has_eae_slider elementor-element elementor-element-d7ba037 e-con-full e-flex e-con e-child\" data-eae-slider=\"17868\" data-id=\"d7ba037\" data-element_type=\"container\" data-e-type=\"container\" data-settings=\"{&quot;ekit_has_onepagescroll_dot&quot;:&quot;yes&quot;}\">\n\t\t\t\t<div class=\"elementor-element elementor-element-8f81f3e elementor-widget elementor-widget-html\" data-id=\"8f81f3e\" data-element_type=\"widget\" data-e-type=\"widget\" data-settings=\"{&quot;ekit_we_effect_on&quot;:&quot;none&quot;}\" data-widget_type=\"html.default\">\n\t\t\t\t\t<div style=\"padding:53.75% 0 0 0;position:relative;\"><iframe src=\"https:\/\/player.vimeo.com\/video\/1124955273?badge=0&amp;autopause=0&amp;player_id=0&amp;app_id=58479\" frameborder=\"0\" allow=\"autoplay; fullscreen; picture-in-picture; clipboard-write; encrypted-media; web-share\" referrerpolicy=\"strict-origin-when-cross-origin\" style=\"position:absolute;top:0;left:0;width:100%;height:100%;\" title=\"Paso 1 Solicitud para Iniciar con Facturaci\u00f3n Electr\u00f3nica El Salvador - Acatha Sistema Contable y Facturaci\u00f3n Electr\u00f3nica (720p,\"><\/iframe><\/div><script src=\"https:\/\/player.vimeo.com\/api\/player.js\"><\/script>\t\t\t\t<\/div>\n\t\t\t\t<\/div>\n\t\t<div class=\"has_eae_slider elementor-element elementor-element-2f5ee90 e-con-full e-flex e-con e-child\" data-eae-slider=\"160\" data-id=\"2f5ee90\" data-element_type=\"container\" data-e-type=\"container\" data-settings=\"{&quot;ekit_has_onepagescroll_dot&quot;:&quot;yes&quot;}\">\n\t\t\t\t<div class=\"elementor-element elementor-element-04b543c elementor-widget elementor-widget-heading\" data-id=\"04b543c\" data-element_type=\"widget\" data-e-type=\"widget\" data-settings=\"{&quot;ekit_we_effect_on&quot;:&quot;none&quot;}\" data-widget_type=\"heading.default\">\n\t\t\t\t\t<h2 class=\"elementor-heading-title elementor-size-default\">Paso 1:<\/h2>\t\t\t\t<\/div>\n\t\t\t\t<div class=\"elementor-element elementor-element-49231d6 elementor-widget elementor-widget-heading\" data-id=\"49231d6\" data-element_type=\"widget\" data-e-type=\"widget\" data-settings=\"{&quot;ekit_we_effect_on&quot;:&quot;none&quot;}\" data-widget_type=\"heading.default\">\n\t\t\t\t\t<h2 class=\"elementor-heading-title elementor-size-default\">Solicitud para Iniciar con Facturaci\u00f3n Electr\u00f3nica El Salvador<\/h2>\t\t\t\t<\/div>\n\t\t\t\t<div class=\"elementor-element elementor-element-dc90a98 elementor-widget elementor-widget-text-editor\" data-id=\"dc90a98\" data-element_type=\"widget\" data-e-type=\"widget\" data-settings=\"{&quot;ekit_we_effect_on&quot;:&quot;none&quot;}\" data-widget_type=\"text-editor.default\">\n\t\t\t\t\t\t\t\t\t<p>En este video te mostramos como debes realizar el primer paso para iniciar con la facturaci\u00f3n electr\u00f3nica, ten a la mano tu NIT y tu clave y observa como pueses realizar este proceso en pocos minutos.<\/p>\t\t\t\t\t\t\t\t<\/div>\n\t\t\t\t<\/div>\n\t\t\t\t\t<\/div>\n\t\t\t\t<\/div>\n\t\t<div class=\"has_eae_slider elementor-element elementor-element-7f29f59 e-flex e-con-boxed e-con e-parent\" data-eae-slider=\"73104\" data-id=\"7f29f59\" data-element_type=\"container\" data-e-type=\"container\" data-settings=\"{&quot;ekit_has_onepagescroll_dot&quot;:&quot;yes&quot;}\">\n\t\t\t\t\t<div class=\"e-con-inner\">\n\t\t<div class=\"has_eae_slider elementor-element elementor-element-e076eb8 e-con-full e-flex e-con e-child\" data-eae-slider=\"17668\" data-id=\"e076eb8\" data-element_type=\"container\" data-e-type=\"container\" data-settings=\"{&quot;ekit_has_onepagescroll_dot&quot;:&quot;yes&quot;}\">\n\t\t\t\t<div class=\"elementor-element elementor-element-96a78a1 elementor-widget elementor-widget-html\" data-id=\"96a78a1\" data-element_type=\"widget\" data-e-type=\"widget\" data-settings=\"{&quot;ekit_we_effect_on&quot;:&quot;none&quot;}\" data-widget_type=\"html.default\">\n\t\t\t\t\t<div style=\"padding:53.75% 0 0 0;position:relative;\"><iframe src=\"https:\/\/player.vimeo.com\/video\/1124958949?badge=0&amp;autopause=0&amp;player_id=0&amp;app_id=58479\" frameborder=\"0\" allow=\"autoplay; fullscreen; picture-in-picture; clipboard-write; encrypted-media; web-share\" referrerpolicy=\"strict-origin-when-cross-origin\" style=\"position:absolute;top:0;left:0;width:100%;height:100%;\" title=\"Paso 2 Firma electr\u00f3nica para pruebas- Acatha Sistema Contable El Salvador - Acatha Sistema Contable y Facturaci\u00f3n Electr\u00f3nica\"><\/iframe><\/div><script src=\"https:\/\/player.vimeo.com\/api\/player.js\"><\/script>\t\t\t\t<\/div>\n\t\t\t\t<\/div>\n\t\t<div class=\"has_eae_slider elementor-element elementor-element-263442a e-con-full e-flex e-con e-child\" data-eae-slider=\"99570\" data-id=\"263442a\" data-element_type=\"container\" data-e-type=\"container\" data-settings=\"{&quot;ekit_has_onepagescroll_dot&quot;:&quot;yes&quot;}\">\n\t\t\t\t<div class=\"elementor-element elementor-element-5c1d27d elementor-widget elementor-widget-heading\" data-id=\"5c1d27d\" data-element_type=\"widget\" data-e-type=\"widget\" data-settings=\"{&quot;ekit_we_effect_on&quot;:&quot;none&quot;}\" data-widget_type=\"heading.default\">\n\t\t\t\t\t<h2 class=\"elementor-heading-title elementor-size-default\">Paso 2:<\/h2>\t\t\t\t<\/div>\n\t\t\t\t<div class=\"elementor-element elementor-element-f8198d0 elementor-widget elementor-widget-heading\" data-id=\"f8198d0\" data-element_type=\"widget\" data-e-type=\"widget\" data-settings=\"{&quot;ekit_we_effect_on&quot;:&quot;none&quot;}\" data-widget_type=\"heading.default\">\n\t\t\t\t\t<h2 class=\"elementor-heading-title elementor-size-default\">Firma electr\u00f3nica para pruebas- Acatha Sistema Contable El Salvador<\/h2>\t\t\t\t<\/div>\n\t\t\t\t<div class=\"elementor-element elementor-element-0e24535 elementor-widget elementor-widget-text-editor\" data-id=\"0e24535\" data-element_type=\"widget\" data-e-type=\"widget\" data-settings=\"{&quot;ekit_we_effect_on&quot;:&quot;none&quot;}\" data-widget_type=\"text-editor.default\">\n\t\t\t\t\t\t\t\t\t<p>\ud83d\ude80 \u00a1Reg\u00edstrate Ahora! \ud83d\ude80<\/p><p>El sistema contable l\u00edder en la regi\u00f3n para implementar facturaci\u00f3n electr\u00f3nica y contabilidad de manera f\u00e1cil, r\u00e1pida, segura y con el acompa\u00f1amiento de un socio experto que te ayuda a crecer.<\/p>\t\t\t\t\t\t\t\t<\/div>\n\t\t\t\t<\/div>\n\t\t\t\t\t<\/div>\n\t\t\t\t<\/div>\n\t\t<div class=\"has_eae_slider elementor-element elementor-element-14e4e37 e-flex e-con-boxed e-con e-parent\" data-eae-slider=\"54620\" data-id=\"14e4e37\" data-element_type=\"container\" data-e-type=\"container\" data-settings=\"{&quot;ekit_has_onepagescroll_dot&quot;:&quot;yes&quot;}\">\n\t\t\t\t\t<div class=\"e-con-inner\">\n\t\t\t\t<div class=\"elementor-element elementor-element-bce27b3 elementor-widget elementor-widget-spacer\" data-id=\"bce27b3\" data-element_type=\"widget\" data-e-type=\"widget\" data-settings=\"{&quot;ekit_we_effect_on&quot;:&quot;none&quot;}\" data-widget_type=\"spacer.default\">\n\t\t\t\t\t\t\t<div class=\"elementor-spacer\">\n\t\t\t<div class=\"elementor-spacer-inner\"><\/div>\n\t\t<\/div>\n\t\t\t\t\t\t<\/div>\n\t\t\t\t\t<\/div>\n\t\t\t\t<\/div>\n\t\t\t\t<\/div>\n\t\t","protected":false},"excerpt":{"rendered":"<p>Guias Acatha Facturaci\u00f3n Aqui podras encontrar todas las guias para que puedas facturar sin ningun inconveniente y siempre de la mano de expertos. Paso 1: Solicitud para Iniciar con Facturaci\u00f3n Electr\u00f3nica El Salvador En este video te mostramos como debes realizar el primer paso para iniciar con la facturaci\u00f3n electr\u00f3nica, ten a la mano tu [&hellip;]<\/p>\n","protected":false},"author":7,"featured_media":0,"parent":0,"menu_order":0,"comment_status":"closed","ping_status":"closed","template":"","meta":{"_joinchat":[],"footnotes":""},"class_list":["post-10135","page","type-page","status-publish","hentry"],"_links":{"self":[{"href":"https:\/\/acatha.com\/es-sv\/wp-json\/wp\/v2\/pages\/10135","targetHints":{"allow":["GET"]}}],"collection":[{"href":"https:\/\/acatha.com\/es-sv\/wp-json\/wp\/v2\/pages"}],"about":[{"href":"https:\/\/acatha.com\/es-sv\/wp-json\/wp\/v2\/types\/page"}],"author":[{"embeddable":true,"href":"https:\/\/acatha.com\/es-sv\/wp-json\/wp\/v2\/users\/7"}],"replies":[{"embeddable":true,"href":"https:\/\/acatha.com\/es-sv\/wp-json\/wp\/v2\/comments?post=10135"}],"version-history":[{"count":7,"href":"https:\/\/acatha.com\/es-sv\/wp-json\/wp\/v2\/pages\/10135\/revisions"}],"predecessor-version":[{"id":10143,"href":"https:\/\/acatha.com\/es-sv\/wp-json\/wp\/v2\/pages\/10135\/revisions\/10143"}],"wp:attachment":[{"href":"https:\/\/acatha.com\/es-sv\/wp-json\/wp\/v2\/media?parent=10135"}],"curies":[{"name":"wp","href":"https:\/\/api.w.org\/{rel}","templated":true}]}}