{"id":37,"date":"2024-12-27T16:28:28","date_gmt":"2024-12-27T16:28:28","guid":{"rendered":"https:\/\/acatha.com\/peru\/?page_id=37"},"modified":"2025-01-19T22:15:48","modified_gmt":"2025-01-19T22:15:48","slug":"blog","status":"publish","type":"page","link":"https:\/\/acatha.com\/peru\/","title":{"rendered":"Facturaci\u00f3n electr\u00f3nica en Per\u00fa"},"content":{"rendered":"\t\t<div data-elementor-type=\"wp-page\" data-elementor-id=\"37\" class=\"elementor elementor-37\" data-elementor-post-type=\"page\">\n\t\t\t\t\t\t<section class=\"elementor-section elementor-top-section elementor-element elementor-element-4f9f1fe0 elementor-hidden-tablet elementor-hidden-mobile elementor-section-boxed elementor-section-height-default elementor-section-height-default\" data-id=\"4f9f1fe0\" data-element_type=\"section\" data-e-type=\"section\" id=\"xs_blog_sort_an_full_grid\" data-settings=\"{&quot;background_background&quot;:&quot;classic&quot;}\">\n\t\t\t\t\t\t<div class=\"elementor-container elementor-column-gap-default\">\n\t\t\t\t\t<div class=\"elementor-column elementor-col-100 elementor-top-column elementor-element elementor-element-b5e3dba\" data-id=\"b5e3dba\" data-element_type=\"column\" data-e-type=\"column\">\n\t\t\t<div class=\"elementor-widget-wrap elementor-element-populated\">\n\t\t\t\t\t\t<div class=\"elementor-element elementor-element-136be8c elementor-headline--style-rotate elementor-widget elementor-widget-animated-headline\" data-id=\"136be8c\" data-element_type=\"widget\" data-e-type=\"widget\" data-settings=\"{&quot;headline_style&quot;:&quot;rotate&quot;,&quot;animation_type&quot;:&quot;swirl&quot;,&quot;rotating_text&quot;:&quot;Facturaci\\u00f3n electr\\u00f3nica\\nSistema contable\\nFirma electr\\u00f3nica\\nERP\\n&quot;,&quot;loop&quot;:&quot;yes&quot;,&quot;rotate_iteration_delay&quot;:2500}\" data-widget_type=\"animated-headline.default\">\n\t\t\t\t<div class=\"elementor-widget-container\">\n\t\t\t\t\t\t\t<h3 class=\"elementor-headline elementor-headline-animation-type-swirl elementor-headline-letters\">\n\t\t\t\t\t<span class=\"elementor-headline-plain-text elementor-headline-text-wrapper\">Acatha<\/span>\n\t\t\t\t<span class=\"elementor-headline-dynamic-wrapper elementor-headline-text-wrapper\">\n\t\t\t\t\t<span class=\"elementor-headline-dynamic-text elementor-headline-text-active\">\n\t\t\t\tFacturaci\u00f3n&nbsp;electr\u00f3nica\t\t\t<\/span>\n\t\t\t\t\t<span class=\"elementor-headline-dynamic-text\">\n\t\t\t\tSistema&nbsp;contable\t\t\t<\/span>\n\t\t\t\t\t<span class=\"elementor-headline-dynamic-text\">\n\t\t\t\tFirma&nbsp;electr\u00f3nica\t\t\t<\/span>\n\t\t\t\t\t<span class=\"elementor-headline-dynamic-text\">\n\t\t\t\tERP\t\t\t<\/span>\n\t\t\t\t\t<span class=\"elementor-headline-dynamic-text\">\n\t\t\t\t\t\t\t<\/span>\n\t\t\t\t\t\t<\/span>\n\t\t\t\t\t<span class=\"elementor-headline-plain-text elementor-headline-text-wrapper\">en Per\u00fa<\/span>\n\t\t\t\t\t<\/h3>\n\t\t\t\t\t\t<\/div>\n\t\t\t\t<\/div>\n\t\t\t\t<div class=\"elementor-element elementor-element-4f204233 elementor-widget elementor-widget-text-editor\" data-id=\"4f204233\" data-element_type=\"widget\" data-e-type=\"widget\" data-widget_type=\"text-editor.default\">\n\t\t\t\t<div class=\"elementor-widget-container\">\n\t\t\t\t\t\t\t\t\t<p>Les invitamos a explorar un blog de destacada calidad, que sin duda captar\u00e1 su inter\u00e9s y atenci\u00f3n.<\/p>\t\t\t\t\t\t\t\t<\/div>\n\t\t\t\t<\/div>\n\t\t\t\t<div class=\"elementor-element elementor-element-4b92ac elementor-widget elementor-widget-spacer\" data-id=\"4b92ac\" data-element_type=\"widget\" data-e-type=\"widget\" data-widget_type=\"spacer.default\">\n\t\t\t\t<div class=\"elementor-widget-container\">\n\t\t\t\t\t\t\t<div class=\"elementor-spacer\">\n\t\t\t<div class=\"elementor-spacer-inner\"><\/div>\n\t\t<\/div>\n\t\t\t\t\t\t<\/div>\n\t\t\t\t<\/div>\n\t\t\t\t\t<\/div>\n\t\t<\/div>\n\t\t\t\t\t<\/div>\n\t\t<\/section>\n\t\t\t\t<section class=\"elementor-section elementor-top-section elementor-element elementor-element-3d31903 elementor-section-boxed elementor-section-height-default elementor-section-height-default\" data-id=\"3d31903\" data-element_type=\"section\" data-e-type=\"section\">\n\t\t\t\t\t\t<div class=\"elementor-container elementor-column-gap-default\">\n\t\t\t\t\t<div class=\"elementor-column elementor-col-100 elementor-top-column elementor-element elementor-element-5e2b9da3\" data-id=\"5e2b9da3\" data-element_type=\"column\" data-e-type=\"column\">\n\t\t\t<div class=\"elementor-widget-wrap elementor-element-populated\">\n\t\t\t\t\t\t<div class=\"elementor-element elementor-element-53e4da5 elementor-grid-3 elementor-grid-tablet-2 elementor-grid-mobile-1 elementor-posts--thumbnail-top elementor-widget elementor-widget-posts\" data-id=\"53e4da5\" data-element_type=\"widget\" data-e-type=\"widget\" data-settings=\"{&quot;classic_columns&quot;:&quot;3&quot;,&quot;classic_columns_tablet&quot;:&quot;2&quot;,&quot;classic_columns_mobile&quot;:&quot;1&quot;,&quot;classic_row_gap&quot;:{&quot;unit&quot;:&quot;px&quot;,&quot;size&quot;:35,&quot;sizes&quot;:[]},&quot;classic_row_gap_tablet&quot;:{&quot;unit&quot;:&quot;px&quot;,&quot;size&quot;:&quot;&quot;,&quot;sizes&quot;:[]},&quot;classic_row_gap_mobile&quot;:{&quot;unit&quot;:&quot;px&quot;,&quot;size&quot;:&quot;&quot;,&quot;sizes&quot;:[]}}\" data-widget_type=\"posts.classic\">\n\t\t\t\t<div class=\"elementor-widget-container\">\n\t\t\t\t\t\t\t<div class=\"elementor-posts-container elementor-posts elementor-posts--skin-classic elementor-grid\">\n\t\t\t\t<article class=\"elementor-post elementor-grid-item post-85 post type-post status-publish format-standard has-post-thumbnail hentry category-sistemas-contables\">\n\t\t\t\t<a class=\"elementor-post__thumbnail__link\" href=\"https:\/\/acatha.com\/peru\/sistemas-contables\/los-cambios-y-desafios-de-la-emision-electronica-en-peru\/\" tabindex=\"-1\">\n\t\t\t<div class=\"elementor-post__thumbnail\"><img fetchpriority=\"high\" decoding=\"async\" width=\"300\" height=\"200\" src=\"https:\/\/acatha.com\/peru\/wp-content\/uploads\/2025\/01\/Los-cambios-y-desafios-de-la-Emision-Electronica-en-Peru-300x200.jpg\" class=\"attachment-medium size-medium wp-image-86\" alt=\"\" srcset=\"https:\/\/acatha.com\/peru\/wp-content\/uploads\/2025\/01\/Los-cambios-y-desafios-de-la-Emision-Electronica-en-Peru-300x200.jpg 300w, https:\/\/acatha.com\/peru\/wp-content\/uploads\/2025\/01\/Los-cambios-y-desafios-de-la-Emision-Electronica-en-Peru-1024x683.jpg 1024w, https:\/\/acatha.com\/peru\/wp-content\/uploads\/2025\/01\/Los-cambios-y-desafios-de-la-Emision-Electronica-en-Peru-768x512.jpg 768w, https:\/\/acatha.com\/peru\/wp-content\/uploads\/2025\/01\/Los-cambios-y-desafios-de-la-Emision-Electronica-en-Peru.jpg 1500w\" sizes=\"(max-width: 300px) 100vw, 300px\" \/><\/div>\n\t\t<\/a>\n\t\t\t\t<div class=\"elementor-post__text\">\n\t\t\t\t<h3 class=\"elementor-post__title\">\n\t\t\t<a href=\"https:\/\/acatha.com\/peru\/sistemas-contables\/los-cambios-y-desafios-de-la-emision-electronica-en-peru\/\">\n\t\t\t\tLos cambios y desaf\u00edos de la Emisi\u00f3n Electr\u00f3nica en Per\u00fa\t\t\t<\/a>\n\t\t<\/h3>\n\t\t\t\t<div class=\"elementor-post__excerpt\">\n\t\t\t<p>Los cambios y desaf\u00edos de la Emisi\u00f3n Electr\u00f3nica en Per\u00fa Resumen La emisi\u00f3n electr\u00f3nica en Per\u00fa ha revolucionado la forma<\/p>\n\t\t<\/div>\n\t\t\t\t<\/div>\n\t\t\t\t<\/article>\n\t\t\t\t<article class=\"elementor-post elementor-grid-item post-81 post type-post status-publish format-standard has-post-thumbnail hentry category-facturacion-electronica\">\n\t\t\t\t<a class=\"elementor-post__thumbnail__link\" href=\"https:\/\/acatha.com\/peru\/facturacion-electronica\/todo-lo-que-necesitas-saber-sobre-la-facturacion-electronica-en-peru\/\" tabindex=\"-1\">\n\t\t\t<div class=\"elementor-post__thumbnail\"><img decoding=\"async\" width=\"300\" height=\"200\" src=\"https:\/\/acatha.com\/peru\/wp-content\/uploads\/2025\/01\/Todo-lo-que-necesitas-saber-sobre-la-facturacion-electronica-en-Peru-300x200.jpg\" class=\"attachment-medium size-medium wp-image-82\" alt=\"\" srcset=\"https:\/\/acatha.com\/peru\/wp-content\/uploads\/2025\/01\/Todo-lo-que-necesitas-saber-sobre-la-facturacion-electronica-en-Peru-300x200.jpg 300w, https:\/\/acatha.com\/peru\/wp-content\/uploads\/2025\/01\/Todo-lo-que-necesitas-saber-sobre-la-facturacion-electronica-en-Peru-1024x683.jpg 1024w, https:\/\/acatha.com\/peru\/wp-content\/uploads\/2025\/01\/Todo-lo-que-necesitas-saber-sobre-la-facturacion-electronica-en-Peru-768x512.jpg 768w, https:\/\/acatha.com\/peru\/wp-content\/uploads\/2025\/01\/Todo-lo-que-necesitas-saber-sobre-la-facturacion-electronica-en-Peru.jpg 1500w\" sizes=\"(max-width: 300px) 100vw, 300px\" \/><\/div>\n\t\t<\/a>\n\t\t\t\t<div class=\"elementor-post__text\">\n\t\t\t\t<h3 class=\"elementor-post__title\">\n\t\t\t<a href=\"https:\/\/acatha.com\/peru\/facturacion-electronica\/todo-lo-que-necesitas-saber-sobre-la-facturacion-electronica-en-peru\/\">\n\t\t\t\tTodo lo que necesitas saber sobre la facturaci\u00f3n electr\u00f3nica en Per\u00fa\t\t\t<\/a>\n\t\t<\/h3>\n\t\t\t\t<div class=\"elementor-post__excerpt\">\n\t\t\t<p>Todo lo que necesitas saber sobre la facturaci\u00f3n electr\u00f3nica en Per\u00fa Resumen La facturaci\u00f3n electr\u00f3nica en Per\u00fa es un sistema<\/p>\n\t\t<\/div>\n\t\t\t\t<\/div>\n\t\t\t\t<\/article>\n\t\t\t\t<article class=\"elementor-post elementor-grid-item post-76 post type-post status-publish format-standard has-post-thumbnail hentry category-software-contable\">\n\t\t\t\t<a class=\"elementor-post__thumbnail__link\" href=\"https:\/\/acatha.com\/peru\/software-contable\/productividad-negocio-software-contable-peru\/\" tabindex=\"-1\">\n\t\t\t<div class=\"elementor-post__thumbnail\"><img decoding=\"async\" width=\"300\" height=\"200\" src=\"https:\/\/acatha.com\/peru\/wp-content\/uploads\/2024\/12\/Mejora-la-productividad-de-tu-negocio-con-un-software-contable-en-Peru-300x200.jpg\" class=\"attachment-medium size-medium wp-image-77\" alt=\"\" srcset=\"https:\/\/acatha.com\/peru\/wp-content\/uploads\/2024\/12\/Mejora-la-productividad-de-tu-negocio-con-un-software-contable-en-Peru-300x200.jpg 300w, https:\/\/acatha.com\/peru\/wp-content\/uploads\/2024\/12\/Mejora-la-productividad-de-tu-negocio-con-un-software-contable-en-Peru-1024x681.jpg 1024w, https:\/\/acatha.com\/peru\/wp-content\/uploads\/2024\/12\/Mejora-la-productividad-de-tu-negocio-con-un-software-contable-en-Peru-768x511.jpg 768w, https:\/\/acatha.com\/peru\/wp-content\/uploads\/2024\/12\/Mejora-la-productividad-de-tu-negocio-con-un-software-contable-en-Peru.jpg 1500w\" sizes=\"(max-width: 300px) 100vw, 300px\" \/><\/div>\n\t\t<\/a>\n\t\t\t\t<div class=\"elementor-post__text\">\n\t\t\t\t<h3 class=\"elementor-post__title\">\n\t\t\t<a href=\"https:\/\/acatha.com\/peru\/software-contable\/productividad-negocio-software-contable-peru\/\">\n\t\t\t\tMejora la productividad de tu negocio con un software contable en Per\u00fa\t\t\t<\/a>\n\t\t<\/h3>\n\t\t\t\t<div class=\"elementor-post__excerpt\">\n\t\t\t<p>En el din\u00e1mico mundo empresarial peruano, la automatizaci\u00f3n de los procesos contables se ha convertido en una necesidad imperiosa para<\/p>\n\t\t<\/div>\n\t\t\t\t<\/div>\n\t\t\t\t<\/article>\n\t\t\t\t<article class=\"elementor-post elementor-grid-item post-70 post type-post status-publish format-standard has-post-thumbnail hentry category-sistemas-contables\">\n\t\t\t\t<a class=\"elementor-post__thumbnail__link\" href=\"https:\/\/acatha.com\/peru\/sistemas-contables\/sistema-contable-peru-puede-optimizar-la-gestion-financiera\/\" tabindex=\"-1\">\n\t\t\t<div class=\"elementor-post__thumbnail\"><img loading=\"lazy\" decoding=\"async\" width=\"300\" height=\"200\" src=\"https:\/\/acatha.com\/peru\/wp-content\/uploads\/2024\/12\/Descubre-como-el-sistema-contable-en-Peru-puede-optimizar-la-gestion-financiera-de-tu-empresa-300x200.jpg\" class=\"attachment-medium size-medium wp-image-71\" alt=\"\" srcset=\"https:\/\/acatha.com\/peru\/wp-content\/uploads\/2024\/12\/Descubre-como-el-sistema-contable-en-Peru-puede-optimizar-la-gestion-financiera-de-tu-empresa-300x200.jpg 300w, https:\/\/acatha.com\/peru\/wp-content\/uploads\/2024\/12\/Descubre-como-el-sistema-contable-en-Peru-puede-optimizar-la-gestion-financiera-de-tu-empresa-1024x683.jpg 1024w, https:\/\/acatha.com\/peru\/wp-content\/uploads\/2024\/12\/Descubre-como-el-sistema-contable-en-Peru-puede-optimizar-la-gestion-financiera-de-tu-empresa-768x512.jpg 768w, https:\/\/acatha.com\/peru\/wp-content\/uploads\/2024\/12\/Descubre-como-el-sistema-contable-en-Peru-puede-optimizar-la-gestion-financiera-de-tu-empresa.jpg 1500w\" sizes=\"(max-width: 300px) 100vw, 300px\" \/><\/div>\n\t\t<\/a>\n\t\t\t\t<div class=\"elementor-post__text\">\n\t\t\t\t<h3 class=\"elementor-post__title\">\n\t\t\t<a href=\"https:\/\/acatha.com\/peru\/sistemas-contables\/sistema-contable-peru-puede-optimizar-la-gestion-financiera\/\">\n\t\t\t\tDescubre c\u00f3mo el sistema contable en Per\u00fa puede optimizar la gesti\u00f3n financiera de tu empresa\t\t\t<\/a>\n\t\t<\/h3>\n\t\t\t\t<div class=\"elementor-post__excerpt\">\n\t\t\t<p>En Per\u00fa, la normativa contable es un aspecto fundamental que toda empresa debe conocer y cumplir para garantizar una gesti\u00f3n<\/p>\n\t\t<\/div>\n\t\t\t\t<\/div>\n\t\t\t\t<\/article>\n\t\t\t\t<article class=\"elementor-post elementor-grid-item post-52 post type-post status-publish format-standard has-post-thumbnail hentry category-facturacion-electronica\">\n\t\t\t\t<a class=\"elementor-post__thumbnail__link\" href=\"https:\/\/acatha.com\/peru\/facturacion-electronica\/facturacion-electronica-en-tu-empresa-peru\/\" tabindex=\"-1\">\n\t\t\t<div class=\"elementor-post__thumbnail\"><img loading=\"lazy\" decoding=\"async\" width=\"300\" height=\"200\" src=\"https:\/\/acatha.com\/peru\/wp-content\/uploads\/2024\/12\/Como-implementar-la-facturacion-electronica-en-tu-empresa-en-Peru-300x200.jpg\" class=\"attachment-medium size-medium wp-image-53\" alt=\"\" srcset=\"https:\/\/acatha.com\/peru\/wp-content\/uploads\/2024\/12\/Como-implementar-la-facturacion-electronica-en-tu-empresa-en-Peru-300x200.jpg 300w, https:\/\/acatha.com\/peru\/wp-content\/uploads\/2024\/12\/Como-implementar-la-facturacion-electronica-en-tu-empresa-en-Peru-1024x683.jpg 1024w, https:\/\/acatha.com\/peru\/wp-content\/uploads\/2024\/12\/Como-implementar-la-facturacion-electronica-en-tu-empresa-en-Peru-768x512.jpg 768w, https:\/\/acatha.com\/peru\/wp-content\/uploads\/2024\/12\/Como-implementar-la-facturacion-electronica-en-tu-empresa-en-Peru.jpg 1500w\" sizes=\"(max-width: 300px) 100vw, 300px\" \/><\/div>\n\t\t<\/a>\n\t\t\t\t<div class=\"elementor-post__text\">\n\t\t\t\t<h3 class=\"elementor-post__title\">\n\t\t\t<a href=\"https:\/\/acatha.com\/peru\/facturacion-electronica\/facturacion-electronica-en-tu-empresa-peru\/\">\n\t\t\t\tC\u00f3mo implementar la facturaci\u00f3n electr\u00f3nica en tu empresa en Per\u00fa\t\t\t<\/a>\n\t\t<\/h3>\n\t\t\t\t<div class=\"elementor-post__excerpt\">\n\t\t\t<p>En Per\u00fa, la implementaci\u00f3n de la facturaci\u00f3n electr\u00f3nica es un proceso regulado por la Superintendencia Nacional de Aduanas y de<\/p>\n\t\t<\/div>\n\t\t\t\t<\/div>\n\t\t\t\t<\/article>\n\t\t\t\t<\/div>\n\t\t\n\t\t\t\t\t\t<\/div>\n\t\t\t\t<\/div>\n\t\t\t\t\t<\/div>\n\t\t<\/div>\n\t\t\t\t\t<\/div>\n\t\t<\/section>\n\t\t\t\t<\/div>\n\t\t","protected":false},"excerpt":{"rendered":"<p>Acatha Facturaci\u00f3n&nbsp;electr\u00f3nica Sistema&nbsp;contable Firma&nbsp;electr\u00f3nica ERP en Per\u00fa Les invitamos a explorar un blog de destacada calidad, que sin duda captar\u00e1 su inter\u00e9s y atenci\u00f3n.<\/p>\n","protected":false},"author":2,"featured_media":0,"parent":0,"menu_order":0,"comment_status":"closed","ping_status":"closed","template":"","meta":{"footnotes":""},"class_list":["post-37","page","type-page","status-publish","hentry"],"_links":{"self":[{"href":"https:\/\/acatha.com\/peru\/wp-json\/wp\/v2\/pages\/37","targetHints":{"allow":["GET"]}}],"collection":[{"href":"https:\/\/acatha.com\/peru\/wp-json\/wp\/v2\/pages"}],"about":[{"href":"https:\/\/acatha.com\/peru\/wp-json\/wp\/v2\/types\/page"}],"author":[{"embeddable":true,"href":"https:\/\/acatha.com\/peru\/wp-json\/wp\/v2\/users\/2"}],"replies":[{"embeddable":true,"href":"https:\/\/acatha.com\/peru\/wp-json\/wp\/v2\/comments?post=37"}],"version-history":[{"count":14,"href":"https:\/\/acatha.com\/peru\/wp-json\/wp\/v2\/pages\/37\/revisions"}],"predecessor-version":[{"id":89,"href":"https:\/\/acatha.com\/peru\/wp-json\/wp\/v2\/pages\/37\/revisions\/89"}],"wp:attachment":[{"href":"https:\/\/acatha.com\/peru\/wp-json\/wp\/v2\/media?parent=37"}],"curies":[{"name":"wp","href":"https:\/\/api.w.org\/{rel}","templated":true}]}}